{"id":14,"date":"2015-02-09T21:02:46","date_gmt":"2015-02-09T21:02:46","guid":{"rendered":"http:\/\/lsd1.ls.fi.upm.es\/cloud4bigdata\/?page_id=14"},"modified":"2015-02-23T12:50:41","modified_gmt":"2015-02-23T12:50:41","slug":"proyecto","status":"publish","type":"page","link":"https:\/\/lsd1.ls.fi.upm.es\/cloud4bigdata\/proyecto\/","title":{"rendered":"Proyecto"},"content":{"rendered":"<ul>\n<li>\n<h4><span style=\"color: #55b0cb\">Objetivos del programa:<\/span><\/h4>\n<\/li>\n<\/ul>\n<p style=\"text-align: justify\">El programa cient\u00edfico propuesto se encuadra en diez objetivos:<\/p>\n<p style=\"text-align: justify\">1. Soporte transaccional ultraescalable y hol\u00edstico para Big Data.<br \/>\n2. Soporte anal\u00edtico online para Big Data.<br \/>\n3. Soporte complex event processing para Big Data.<br \/>\n4. Soporte integrado multialmac\u00e9n de datos para Big Data.<br \/>\n5. Elasticidad, alta disponibilidad, SLAs, QoS y seguridad para clouds y Big Data.<br \/>\n6. Cloud computing eficiente y Green Computing.<br \/>\n7. Plataforma cloud como servicio eficiente, escalable y flexible.<br \/>\n8. Infraestructura de comunicaci\u00f3n eficiente, escalable, el\u00e1stica, tolerante a fallos y flexible para cloud y Big Data.<br \/>\n9. Infraestructura de almacenamiento eficiente, escalable, tolerante a fallos y flexible para cloud y Big Data.<br \/>\n10. Aplicaciones cloud y Big Data.<\/p>\n<p style=\"text-align: justify\">Los tres primeros objetivos abordan nueva funcionalidad para Big Data, m\u00e1s concretamente, soporte transaccional OLTP (On Line Transactional Processing), soporte OLAP (On Line Analytical Processing) y Complex Event Processing (CEP). El 4\u00ba objetivo pretende dar soporte integral Big Data sobre distintos almacenes de datos con un lenguaje de consulta com\u00fan y transacciones. Los objetivos 4\u00ba y 5\u00ba se centran en los atributos no funcionales de los que queremos dotar a la plataforma Big Data y a la infraestructura cloud subyacente. El 7\u00ba objetivo se enfoca a dar una plataforma como servicio y las herramientas de desarrollo necesarias. Los objetivos 8\u00ba y 9\u00ba abordan la mejora de la infraestructura cloud subyacente, las comunicaciones y el almacenamiento. El 10\u00ba objetivo se centra en las aplicaciones y casos de uso de cloud y Big Data.<\/p>\n<p>&nbsp;<\/p>\n<ul>\n<li>\n<h4><span style=\"color: #55b0cb\">L\u00edneas de investigaci\u00f3n:<\/span><\/h4>\n<\/li>\n<\/ul>\n<p>Nuevos sistemas de computaci\u00f3n y procesado de la informaci\u00f3n.<br \/>\n&nbsp;<\/p>\n<ul>\n<li>\n<h4><span style=\"color: #55b0cb\">Proyectos Asociados:<\/span><\/h4>\n<\/li>\n<\/ul>\n<p id=\"page-title\" class=\"title\"><a href=\"http:\/\/www.networks.imdea.org\/es\/investigacion\/proyectos\/atomicdfs\">ATOMICDFS<\/a><\/p>\n","protected":false},"excerpt":{"rendered":"<p>Objetivos del programa: El programa cient\u00edfico propuesto se encuadra en diez objetivos: 1. Soporte transaccional ultraescalable y hol\u00edstico para Big Data. 2. Soporte anal\u00edtico online para Big Data. 3. Soporte complex event processing para Big Data. 4. Soporte integrado multialmac\u00e9n de datos para Big Data. 5. Elasticidad, alta disponibilidad, SLAs, QoS y seguridad para clouds [&hellip;]<\/p>\n","protected":false},"author":47,"featured_media":0,"parent":0,"menu_order":0,"comment_status":"open","ping_status":"open","template":"","meta":{"footnotes":""},"class_list":["post-14","page","type-page","status-publish","hentry"],"_links":{"self":[{"href":"https:\/\/lsd1.ls.fi.upm.es\/cloud4bigdata\/wp-json\/wp\/v2\/pages\/14","targetHints":{"allow":["GET"]}}],"collection":[{"href":"https:\/\/lsd1.ls.fi.upm.es\/cloud4bigdata\/wp-json\/wp\/v2\/pages"}],"about":[{"href":"https:\/\/lsd1.ls.fi.upm.es\/cloud4bigdata\/wp-json\/wp\/v2\/types\/page"}],"author":[{"embeddable":true,"href":"https:\/\/lsd1.ls.fi.upm.es\/cloud4bigdata\/wp-json\/wp\/v2\/users\/47"}],"replies":[{"embeddable":true,"href":"https:\/\/lsd1.ls.fi.upm.es\/cloud4bigdata\/wp-json\/wp\/v2\/comments?post=14"}],"version-history":[{"count":23,"href":"https:\/\/lsd1.ls.fi.upm.es\/cloud4bigdata\/wp-json\/wp\/v2\/pages\/14\/revisions"}],"predecessor-version":[{"id":250,"href":"https:\/\/lsd1.ls.fi.upm.es\/cloud4bigdata\/wp-json\/wp\/v2\/pages\/14\/revisions\/250"}],"wp:attachment":[{"href":"https:\/\/lsd1.ls.fi.upm.es\/cloud4bigdata\/wp-json\/wp\/v2\/media?parent=14"}],"curies":[{"name":"wp","href":"https:\/\/api.w.org\/{rel}","templated":true}]}}