{"id":18,"date":"2015-02-09T21:03:59","date_gmt":"2015-02-09T21:03:59","guid":{"rendered":"http:\/\/lsd1.ls.fi.upm.es\/cloud4bigdata\/?page_id=18"},"modified":"2017-11-10T08:51:37","modified_gmt":"2017-11-10T08:51:37","slug":"formacion","status":"publish","type":"page","link":"https:\/\/lsd1.ls.fi.upm.es\/cloud4bigdata\/formacion\/","title":{"rendered":"Formaci\u00f3n"},"content":{"rendered":"<ul>\n<li>\n<h4 style=\"padding-top: 15px\"><span style=\"color: #55b0cb\">Programas de formaci\u00f3n de\u00a0postgrado<\/span><\/h4>\n<\/li>\n<\/ul>\n<p><a href=\"http:\/\/www.dlsiis.fi.upm.es\/master_muss\/\">M\u00e1ster Universitario en Software y Sistemas (MUSS)<\/a>. E.T.S. de Ingenieros Inform\u00e1ticos de la Universidad Polit\u00e9cnica de Madrid.<br \/>\n<a href=\"http:\/\/www.uc3m.es\/ss\/Satellite\/Postgrado\/es\/Detalle\/Estudio_C\/1371209087726\/1371208956904\/Master_Universitario_en_Ingenieria_Telematica\">M\u00e1ster Universitario en Ingenier\u00eda Telem\u00e1tica<\/a>. Escuela de Postgrado de Ingenier\u00eda y Ciencias B\u00e1sicas. Universidad Carlos III de Madrid.<br \/>\n<a href=\"http:\/\/www.uc3m.es\/ss\/Satellite\/Postgrado\/es\/Detalle\/Estudio_C\/1371209026440\/1371208956904\/Master_Universitario_en_Ingenieria_Matematica\">M\u00e1ster Universitario en Ingenier\u00eda Matem\u00e1tica.<\/a> Escuela de Postgrado de Ingenier\u00eda y Ciencias B\u00e1sicas. Universidad Carlos III de Madrid.<br \/>\n<a href=\"http:\/\/www.dlsiis.fi.upm.es\/docto_ss\/\">Doctorado en Software y Sistemas<\/a>. E.T.S. de Ingenieros Inform\u00e1ticos de la Universidad Polit\u00e9cnica de Madrid.<br \/>\n<a href=\"http:\/\/portal.uc3m.es\/portal\/page\/portal\/postgrado_mast_doct\/doctorados\/d_ing_telematica\">Doctorado en Ingenier\u00eda Telem\u00e1tica.<\/a> Escuela de Doctorado. Universidad Carlos III de Madrid.<br \/>\n<a href=\"http:\/\/portal.uc3m.es\/portal\/page\/portal\/postgrado_mast_doct\/doctorados\/d_ing_matematica\">Doctorado en Ingenier\u00eda Matem\u00e1tica<\/a>. Escuela de Doctorado. Universidad Carlos III de Madrid.<\/p>\n<ul>\n<li>\n<h4 style=\"padding-top: 15px\"><span style=\"color: #55b0cb\">Ofertas de empleo:<\/span><\/h4>\n<\/li>\n<\/ul>\n<p>Personal investigador de apoyo a la investigaci\u00f3n (Ref. <a href=\"http:\/\/www.madrimasd.org\/empleo\/inscripcionDemandaProfesional\/mostrar_oferta.asp?codigo=25321\">25321<\/a>). Fecha de publicaci\u00f3n: 06\/11\/2017. Fecha de retirada: 18\/11\/2017.<\/p>\n","protected":false},"excerpt":{"rendered":"<p>Programas de formaci\u00f3n de\u00a0postgrado M\u00e1ster Universitario en Software y Sistemas (MUSS). E.T.S. de Ingenieros Inform\u00e1ticos de la Universidad Polit\u00e9cnica de Madrid. M\u00e1ster Universitario en Ingenier\u00eda Telem\u00e1tica. Escuela de Postgrado de Ingenier\u00eda y Ciencias B\u00e1sicas. Universidad Carlos III de Madrid. M\u00e1ster Universitario en Ingenier\u00eda Matem\u00e1tica. Escuela de Postgrado de Ingenier\u00eda y Ciencias B\u00e1sicas. Universidad Carlos III [&hellip;]<\/p>\n","protected":false},"author":47,"featured_media":0,"parent":0,"menu_order":0,"comment_status":"open","ping_status":"open","template":"","meta":{"footnotes":""},"class_list":["post-18","page","type-page","status-publish","hentry"],"_links":{"self":[{"href":"https:\/\/lsd1.ls.fi.upm.es\/cloud4bigdata\/wp-json\/wp\/v2\/pages\/18","targetHints":{"allow":["GET"]}}],"collection":[{"href":"https:\/\/lsd1.ls.fi.upm.es\/cloud4bigdata\/wp-json\/wp\/v2\/pages"}],"about":[{"href":"https:\/\/lsd1.ls.fi.upm.es\/cloud4bigdata\/wp-json\/wp\/v2\/types\/page"}],"author":[{"embeddable":true,"href":"https:\/\/lsd1.ls.fi.upm.es\/cloud4bigdata\/wp-json\/wp\/v2\/users\/47"}],"replies":[{"embeddable":true,"href":"https:\/\/lsd1.ls.fi.upm.es\/cloud4bigdata\/wp-json\/wp\/v2\/comments?post=18"}],"version-history":[{"count":17,"href":"https:\/\/lsd1.ls.fi.upm.es\/cloud4bigdata\/wp-json\/wp\/v2\/pages\/18\/revisions"}],"predecessor-version":[{"id":385,"href":"https:\/\/lsd1.ls.fi.upm.es\/cloud4bigdata\/wp-json\/wp\/v2\/pages\/18\/revisions\/385"}],"wp:attachment":[{"href":"https:\/\/lsd1.ls.fi.upm.es\/cloud4bigdata\/wp-json\/wp\/v2\/media?parent=18"}],"curies":[{"name":"wp","href":"https:\/\/api.w.org\/{rel}","templated":true}]}}