{"id":22,"date":"2015-02-09T21:04:34","date_gmt":"2015-02-09T21:04:34","guid":{"rendered":"http:\/\/lsd1.ls.fi.upm.es\/cloud4bigdata\/?page_id=22"},"modified":"2016-05-23T15:45:50","modified_gmt":"2016-05-23T15:45:50","slug":"resultados","status":"publish","type":"page","link":"https:\/\/lsd1.ls.fi.upm.es\/cloud4bigdata\/resultados\/","title":{"rendered":"Resultados"},"content":{"rendered":"<ul>\n<li>\n<h4 style=\"text-align: justify\"><span style=\"color: #55b0cb\">Tesis Doctorales:<\/span><\/h4>\n<\/li>\n<\/ul>\n<p style=\"text-align: justify\">&#8211; PhD Thesis defense: Structural Issues and Energy Efficiency in Data Centers. Author: Jordi Arjona Aroca, PhD Student, IMDEA Networks Institute. PhD Thesis Advisors: Prof. Dr. Antonio Fern\u00e1ndez Anta, IMDEA Networks Institute. Date: 13\/02\/2015<\/p>\n<p style=\"text-align: justify\">&#8211;\u00a0PhD Thesis defense: Economics of Internet Interdomain Interconnections. Author: Ignacio Castro. PhD Thesis Advisors: Prof. Dr. Sergey Gorinsky, IMDEA Networks Institute. Date: 20\/07\/2015<\/p>\n<p style=\"text-align: justify\">&#8211;\u00a0PhD Thesis defense: Agreement Abstractions in Anonymous and Homonymous Distributed Systems Prone to Failures. Author: Jian Tang. PhD Thesis Advisors: Prof. Dr. Ernesto Jim\u00e9nez Merino, LSD UPM. Date: Nov\u00a02015<\/p>\n<p style=\"text-align: justify\">&#8211;\u00a0PhD Thesis defense: New Methods for Ranking Influence in Social Networks. Author: Luis Felipe Nu\u00f1ez Chiroque. PhD Thesis Advisors: Prof. Dr. Antonio Fern\u00e1ndez Anta, IMDEA Networks Institute. Date: 2015<\/p>\n<p style=\"text-align: justify\">&#8211;\u00a0PhD Thesis defense: Comparision of Architectures and Performance of Database Replication Systems. Author: Rohit Madhukar Dhamane. PhD Thesis Advisors: Prof. Dra. Marta Pati\u00f1o Martinez, LSD UPM. Date: Feb\u00a02016<\/p>\n<ul style=\"text-align: justify\">\n<li>\n<h4 style=\"padding-top: 15px\"><span style=\"color: #55b0cb\">Publicaciones<\/span><\/h4>\n<\/li>\n<\/ul>\n<p style=\"text-align: justify\">&#8211; Luis LopezFernandez,\u00a0Micael Gallego, Boni Garcia, David FernandezLopez,\u00a0Francisco Javier Lopez. &#8220;Authentication, Authorization and Accounting in WebRTC PaaS Infrastructures: The Case of Kurento&#8221;. IEEE Internet Computing Magazine. Vol. 18(6): 34-40 (2014).\u00a0<a href=\"http:\/\/lsd1.ls.fi.upm.es\/cloud4bigdata\/wp-content\/uploads\/sites\/4\/2015\/02\/R01x.pdf\">PDF<\/a><\/p>\n<p style=\"text-align: justify\">&#8211; Francisco J. Ballesteros, Gorka Guardiola, and Enrique Soriano. &#8220;O\/live: Transparent Distribution, Persistence, and Partial Replication for Ubiquitous User Interfaces&#8221;. International Journal of HumanComputer Interaction. Vol. 30(10): 755-770 (2014). <a href=\"http:\/\/lsd1.ls.fi.upm.es\/cloud4bigdata\/wp-content\/uploads\/sites\/4\/2015\/02\/R02.pdf\">PDF<\/a><\/p>\n<p style=\"text-align: justify\">&#8211;\u00a0I. Castro, R. Stanojevic, and S. Gorinsky. &#8220;Using Tuangou to Reduce IP Transit Costs&#8221;.\u00a0IEEE\/ACM Transactions on Networking. Vol. 22(5): 1415-1428 (2014).\u00a0<a href=\"http:\/\/lsd1.ls.fi.upm.es\/cloud4bigdata\/wp-content\/uploads\/sites\/4\/2015\/02\/R03x.pdf\">PDF<\/a><\/p>\n<p style=\"text-align: justify\">&#8211; Jordi Arjona Aroca, Angelos Chatzipapas, Antonio Fern\u00e1ndez Anta, Vincenzo Mancuso. &#8220;A Measurement-Based Characterization of the Energy Consumption in Data Center Servers&#8221;. IEEE Journal on Selected Areas in Communications. Vol. 33(12): 2863-2877 (2015). <a href=\"http:\/\/lsd1.ls.fi.upm.es\/cloud4bigdata\/wp-content\/uploads\/sites\/4\/2015\/02\/R04.pdf\">PDF<\/a><\/p>\n<p style=\"text-align: justify\">&#8211; Antonio Fern\u00e1ndez, Chryssis Georgiou, Miguel A. Mosteiro, Daniel Pareja. &#8220;Algorithmic Mechanisms for Reliable Crowdsourcing Computation under Collusion&#8221;. PLoS ONE. Vol. 10(3): 1-22 (2015). <a href=\"http:\/\/lsd1.ls.fi.upm.es\/cloud4bigdata\/wp-content\/uploads\/sites\/4\/2015\/02\/R05.pdf\">PDF<\/a><\/p>\n<p style=\"text-align: justify\">&#8211; Jingyu Wang, Jianxin Liao, Tonghong Li, Jing Wang. \u201cAsymmetrical Multi-path Selection Game for Wireless Overlay Networks\u201d, Wireless Personal Communications Vol. 85(4): 2407-2429 (2015) Springer.<\/p>\n<p style=\"text-align: justify\">&#8211; Boyan Kolev, Patrick Valduriez, Carlyna Bondiombouy, Ricardo Jim\u00e9nez-Peris, Raquel Pau, Jos\u00e9 Pereira. &#8220;CloudMdsQL: Querying Heterogeneous Cloud Data Stores with a Common Language&#8221;. Distributed and Parallel Databases. 2015. <a title=\"CloudMdsQL: querying heterogeneous cloud data stores with a common language\" href=\"http:\/\/lsd.ls.fi.upm.es\/lsd\/publications\/CloudMdsQL_Springer_art%20completo.pdf\" target=\"_blank\">PDF<\/a><\/p>\n<p style=\"text-align: justify\">&#8211;\u00a0I. Komnios, F. Tsapeli, and S. Gorinsky. &#8220;Cost-Effective\u00a0MultiMode\u00a0Offloading with Peer-Assisted\u00a0Communications&#8221;.\u00a0Ad Hoc Networks. Vol. 25(B): 370-382 (2015).\u00a0<a href=\"http:\/\/lsd1.ls.fi.upm.es\/cloud4bigdata\/wp-content\/uploads\/sites\/4\/2015\/02\/R08x.pdf\">PDF<\/a><\/p>\n<p style=\"text-align: justify\">&#8211; Ricardo Jimenez-Peris, Marta Pati\u00f1o-Martinez, Bettina Kemme, Ivan Brondino, Jos\u00e9 Pereira, Ricardo Vila\u00e7a, Francisco Cruz, Rui Oliveira y Yousuf Ahmad. &#8220;CumuloNimbo: A Cloud Scalable Multi-tier SQL Database&#8221;. Bulletin of the Technical Committee on Data Engineering (TCDE). Vol. 38 (1). Pag 73 (2015)\u00a0<a href=\"http:\/\/lsd1.ls.fi.upm.es\/cloud4bigdata\/wp-content\/uploads\/sites\/4\/2015\/02\/CumuloNimbo-A-Cloud-Scalable-Multi-tier-SQL-Database_art-solo.pdf\">PDF<\/a><\/p>\n<p style=\"text-align: justify\">&#8211;\u00a0Joerg Widmer, Andrea Capalbo, Antonio Fern\u00e1ndez Anta, Albert Banchs. &#8220;Efficient Interlayer Network Codes for Fair Layered Multicast Streaming&#8221;.\u00a0IEEE\/ACM Trans. Networking. Vol. 23(4): 1107-1120 (2015).\u00a0<a href=\"http:\/\/lsd1.ls.fi.upm.es\/cloud4bigdata\/wp-content\/uploads\/sites\/4\/2015\/02\/R10x.pdf\">PDF<\/a><\/p>\n<p style=\"text-align: justify\">&#8211;\u00a0H\u00e9ctor Cordob\u00e9s, Luis F. Chiroque, Antonio Fern\u00e1ndez Anta, Rafael A. Garc\u00eda Leiva, Philippe Morere, Lorenzo Ornella, Fernando P\u00e9rez,\u00a0Agust\u00edn Santos. &#8220;Empirical Comparison of Graphbased\u00a0Recommendation Engines for an Apps Ecosystem&#8221;.\u00a0International Journal of Interactive Multimedia and Artificial Intelligence. Vol. 3(2): 33-39 (2015).\u00a0<a href=\"http:\/\/lsd1.ls.fi.upm.es\/cloud4bigdata\/wp-content\/uploads\/sites\/4\/2015\/02\/R11x.pdf\">PDF<\/a><\/p>\n<p style=\"text-align: justify\">&#8211; Ernesto Jim\u00e9nez, Sergio Ar\u00e9valo, Carlos Herrera, Jian Tang. &#8220;Eventual Election of Multiple Leaders for Solving Consensus in Anonymous Systems&#8221;. The Journal of Supercomputing. ISSN: 0920-8542. 2015. Springer. <a href=\"http:\/\/lsd.ls.fi.upm.es\/lsd\/publications\/Eventual%20Election%20of%20Multiple%20Leaders%20for%20Solving.pdf\">PDF<\/a><\/p>\n<p style=\"text-align: justify\">&#8211; Vincenzo Gulisano, Mar Callau Zori, Zhang Fu, Ricardo Jim\u00e9nez Peris, Marina Papatriantafilou y Marta Pati\u00f1o Martinez. &#8220;STONE: A Streaming DDoS Defense Framework&#8221;. Expert Systems With Applications. 2015. <a title=\"STONE: A streaming DDoS defense framework\" href=\"http:\/\/lsd.ls.fi.upm.es\/lsd\/publications\/STONE%20A%20Streaming%20DDoS%20Defense%20Framework.pdf\" target=\"_blank\">PDF<\/a><\/p>\n<p style=\"text-align: justify\">&#8211; Sergio Ar\u00e9valo, Antonio Fern\u00e1ndez Anta, Damien Imbs, Ernesto Jim\u00e9nez, Michel Raynal. &#8220;Failure Detectors in Homonymous Distributed Systems(with an Application to Consensus)&#8221;. Journal of Parallel and Distributed Computing. ISSN: 0743-7315. Vol. 89(9):83-95 (2015) <a href=\"http:\/\/lsd.ls.fi.upm.es\/lsd\/publications\/Failure%20Detectors%20in%20Homonymous%20Distributed%20Systems.pdf\">PDF<\/a><\/p>\n<p style=\"text-align: justify\">&#8211; Ernesto Jim\u00e9nez, Sergio Ar\u00e9valo, Jian Tang. &#8220;Fault-tolerant Broadcast in Anonymous Systems&#8221;. The Journal of Supercomputing. Vol. 71(11):4172-4191. (2015)\u00a0<a href=\"http:\/\/lsd.ls.fi.upm.es\/lsd\/publications\/Fault-tolerant%20Broadcast%20in%20Anonymous%20Systems.pdf\">PDF<\/a><\/p>\n<p style=\"text-align: justify\">&#8211;\u00a0Esther M. Arkin, Antonio Fern\u00e1ndez Anta, Joseph S. B. Mitchell, Miguel A. Mosteiro. &#8220;Probabilistic bounds on the length of a longest edge in Delaunay graphs of random points in d-dimensions&#8221;.\u00a0Comput. Geom. Vol. 48(2): 134-146 (2015)<a href=\"http:\/\/lsd1.ls.fi.upm.es\/cloud4bigdata\/wp-content\/uploads\/sites\/4\/2015\/02\/R16x.pdf\"> PDF<\/a><\/p>\n<p style=\"text-align: justify\">&#8211;\u00a0V\u00edctor L\u00f3pez Mill\u00e1n, Vicent Cholvi, Luis L\u00f3pez, Antonio Fern\u00e1ndez Anta. &#8220;Improving resource location with locally precomputed partial random walks&#8221;.\u00a0Computing. Vol. 97(9): 871-891 (2015)\u00a0<a href=\"http:\/\/lsd1.ls.fi.upm.es\/cloud4bigdata\/wp-content\/uploads\/sites\/4\/2015\/02\/R17x.pdf\">PDF<\/a><\/p>\n<p style=\"text-align: justify\">&#8211;\u00a0Andr\u00e9s Sevilla, Alberto Mozo, Antonio Fern\u00e1ndez Anta. &#8220;Node sampling using Random Centrifugal Walks&#8221;.\u00a0Journal of Computational Science (2015).\u00a0Vol. 11 pp.\u00a034-45. DOI:10.1016\/j.jocs.2015.09.001\u00a0<a href=\"http:\/\/lsd1.ls.fi.upm.es\/cloud4bigdata\/wp-content\/uploads\/sites\/4\/2015\/02\/R18.pdf\">PDF<\/a><\/p>\n<p style=\"text-align: justify\">&#8211;\u00a0Antonio Fern\u00e1ndez Anta, Chryssis Georgiou, Dariusz R. Kowalski, Elli Zavou. &#8220;Online parallel scheduling of non-uniform\u00a0tasks: Trading failures for energy&#8221;.\u00a0Theor. Comput. Sci. (2015). Vol. 590 pp. 129-146\u00a0<a href=\"http:\/\/lsd1.ls.fi.upm.es\/cloud4bigdata\/wp-content\/uploads\/sites\/4\/2015\/02\/R19.pdf\">PDF<\/a><\/p>\n<p style=\"text-align: justify\">&#8211; Enrique SorianoSalvador, Gorka Guardiola, and Francisco J. Ballesteros. &#8220;Optimistic semaphores with nondeterministic choice operation for heterogeneous manycore systems&#8221;. Concurrency and Computation: Practice and Experience. Vol. 27(14): 3676-3701. (2015)\u00a0<a href=\"http:\/\/lsd1.ls.fi.upm.es\/cloud4bigdata\/wp-content\/uploads\/sites\/4\/2015\/02\/R20.pdf\">PDF<\/a><\/p>\n<p style=\"text-align: justify\">&#8211;\u00a0Francisco J. Ballesteros, Enrique Soriano Salvador\u00a0and Gorka Guardiola. &#8220;Picky: A New Introductory Programming Language&#8221;.\u00a0Journal of Computational Science Education (2015). Vol. 6 (1) pp. 16-24 (2015)\u00a0<a href=\"http:\/\/lsd1.ls.fi.upm.es\/cloud4bigdata\/wp-content\/uploads\/sites\/4\/2015\/02\/R21.pdf\">PDF<\/a><\/p>\n<p style=\"text-align: justify\">&#8211; Antonio Fern\u00e1ndez Anta, Chryssis Georgiou, Dariusz R. Kowalski, Joerg Widmer, Elli Zavou. &#8220;Measuring the impact of adversarial errors on packet scheduling algorithms&#8221;. Journal of Scheduling. Publicaci\u00f3n: 30th of September 2015 pp.: 1-18 (2015). <a href=\"http:\/\/lsd1.ls.fi.upm.es\/cloud4bigdata\/wp-content\/uploads\/sites\/4\/2015\/02\/R22.pdf\">PDF<\/a><\/p>\n<p style=\"text-align: justify\">&#8211; Antonio\u00a0Fernandez, Vincent Gramoli, Ernesto Jimenez, Anne-Marie\u00a0Kermarrec and Michel Raynal. &#8220;Distributed Slicing in Dynamic Systems&#8221;.\u00a0IEEE Computer Society. Vol. 27(4): 1030-1043. (2016)<\/p>\n<p style=\"text-align: justify\">&#8211;\u00a0Agust\u00edn Santos, Antonio Fern\u00e1ndez Anta, Jos\u00e9 A. Cuesta, Luis LopezFernandez. &#8220;Fair Linking Mechanisms for Resource Allocation with Correlated Player Types&#8221;.\u00a0NETYS Revised Selected Papers.\u00a0Cap\u00edtulo: 8593 p\u00e1g.: 70 (2014).<\/p>\n<p style=\"text-align: justify\">&#8211;\u00a0Nieves Abalos, Gonzalo Espejo, Ramon LopezCozar,\u00a0Francisco J. Ballesteros, Enrique Soriano, Gorka Guardiola. &#8220;Multimodal Dialogue System for Interaction in AmI Environment by Means of FileBased\u00a0Services&#8221;.\u00a0Natural Interaction with Robots, Knowbots and Smartphones.\u00a0Cap\u00edtulo: 6 p\u00e1g.: 6977 (2014).<\/p>\n<ul style=\"text-align: justify\">\n<li>\n<h4 style=\"padding-top: 15px\"><span style=\"color: #55b0cb\">Congresos y conferencias<br \/>\n<\/span><\/h4>\n<\/li>\n<\/ul>\n<p style=\"text-align: justify\">&#8211; I. Castro and S. Gorinsky. &#8220;Estimating the Real with the Virtual: How does the Accuracy Relate to the Internet Penetration?&#8221;\u00a0Proceedings of COMSNETS 2016, Bangalore (India), Jan 6-8 2016.\u00a0<a href=\"http:\/\/lsd1.ls.fi.upm.es\/cloud4bigdata\/wp-content\/uploads\/sites\/4\/2015\/02\/C01-.pdf\">PDF<\/a><\/p>\n<p style=\"text-align: justify\">-I. Castro, J. C. Cardona, S. Gorinsky , and P. Francois. &#8220;Remote Peering: More Peering without Internet Flattening&#8221; .\u00a0Proceedings of ACM CoNEXT 2014.\u00a0<a href=\"http:\/\/lsd1.ls.fi.upm.es\/cloud4bigdata\/wp-content\/uploads\/sites\/4\/2015\/02\/C02.pdf\">PDF<\/a><\/p>\n<p style=\"text-align: justify\">&#8211;\u00a0Antonio Fern\u00e1ndez Anta, Chryssis Georgiou, Elli Zavou. &#8220;Adaptive Scheduling Over a Wireless Channel Under Constrained Jamming&#8221;.\u00a0The 9th Annual International Conference on Combinatorial Optimization and Applications (COCOA 2015),\u00a0Houston, Texas (USA), Dec 18-20, 2015.\u00a0<a href=\"http:\/\/lsd1.ls.fi.upm.es\/cloud4bigdata\/wp-content\/uploads\/sites\/4\/2015\/02\/C03.pdf\">PDF<\/a><\/p>\n<p style=\"text-align: justify\">&#8211;\u00a0Florent Becker, Antonio Fern\u00e1ndez Anta, Ivan Rapaport, Eric R\u00e9mila. &#8220;Brief Announcement: A Hierarchy of Congested Clique Models, from Broadcast to Unicast&#8221; in\u00a0Proceedings of the 2015 ACM Symposium on Principles of Distributed Computing, (PODC 2015), Donostia-San Sebasti\u00e1n (Spain), July 21-23, 2015.\u00a0<a href=\"http:\/\/lsd1.ls.fi.upm.es\/cloud4bigdata\/wp-content\/uploads\/sites\/4\/2015\/02\/C04.pdf\">PDF<\/a><\/p>\n<p style=\"text-align: justify\">&#8211;\u00a0Jordi Arjona Aroca, Antonio Fern\u00e1ndez Anta. &#8220;Empirical comparison of powerefficient\u00a0virtual machine assignment algorithms&#8221;.\u00a0The 4th IFIP Conference on Sustainable Internet and ICT for Sustainability (SustainIT 2015),\u00a0Madrid, (Espa\u00f1a), Apr 14-15, 2015.\u00a0<a href=\"http:\/\/lsd1.ls.fi.upm.es\/cloud4bigdata\/wp-content\/uploads\/sites\/4\/2015\/02\/C05.pdf\">PDF<\/a><\/p>\n<p style=\"text-align: justify\">&#8211; Antonio Fern\u00e1ndez Anta, Nicolas Nicolaou, Alexandru Popa. &#8220;Making \u201cFast\u201d Atomic Operations Computationally Tractable&#8221;. The International Conference On Principles of Distributed Systems (OPODIS 2015), Rennes, France. <a href=\"http:\/\/lsd1.ls.fi.upm.es\/cloud4bigdata\/wp-content\/uploads\/sites\/4\/2015\/02\/C06.pdf\">PDF<\/a><\/p>\n<p style=\"text-align: justify\">&#8211;\u00a0Fern\u00e1ndez Anta, Antonio and Georgiou, Chryssis and Zavou, Elli. &#8220;Packet Scheduling over a Wireless Channel: AQT-based\u00a0Constrained Jamming&#8221;.\u00a0The International Conference on NETworked sYStems (NETYS 2015),\u00a0Agadir (Morocco),\u00a0May 13-15, 2015.\u00a0<a href=\"http:\/\/lsd1.ls.fi.upm.es\/cloud4bigdata\/wp-content\/uploads\/sites\/4\/2015\/02\/C07.pdf\">PDF<\/a><\/p>\n<p style=\"text-align: justify\">&#8211;\u00a0I. Castro, A. Panda, B. Raghavan, S. Shenker, and S. Gorinsky. &#8220;Route Bazaar: Automatic Interdomain Contract Negotiation&#8221;.\u00a0Proceedings of USENIX HotOS XV (2015).\u00a0<a href=\"http:\/\/lsd1.ls.fi.upm.es\/cloud4bigdata\/wp-content\/uploads\/sites\/4\/2015\/02\/C08-.pdf\">PDF<\/a><\/p>\n<p style=\"text-align: justify\">&#8211;\u00a0Ricardo Jim\u00e9nezPeris,\u00a0Marta Pati\u00f1oMartinez,\u00a0Iv\u00e1n Brondino, Valerio Vianello. &#8220;Transactional Processing for Polyglot Persistence&#8221;.\u00a0The 30th IEEE International Conference on Advanced Information Networking and Applications, 2014.\u00a0<a href=\"http:\/\/lsd1.ls.fi.upm.es\/cloud4bigdata\/wp-content\/uploads\/sites\/4\/2015\/02\/C09.pdf\">PDF<\/a><\/p>\n<p style=\"text-align: justify\">&#8211;\u00a0Luis L\u00f3pez. &#8220;Kurento: Creating a Gstreamerbased\u00a0media server for realtime\u00a0communications&#8221;.\u00a0Gstreamer Conference 2014.<\/p>\n<p style=\"text-align: justify\">&#8211;\u00a0Luis L\u00f3pez. &#8220;Implementing WebRTC capabilities for GSTreamer: the case of Kurento WebRtcEndpoing&#8221;.\u00a0Gstreamer Conference 2014<\/p>\n<p style=\"text-align: justify\">&#8211;\u00a0Luis L\u00f3pez. &#8220;Implementing WebRTC Endpoint in Gstreamer: challenges, problems and perspectives&#8221;.\u00a0Gstreamer Conference 2015<\/p>\n<p style=\"text-align: justify\">&#8211;\u00a0Luis L\u00f3pez. &#8220;Gstreamer performance on large pipelines: from profiling to optimization&#8221;.\u00a0Gstreamer Conference 2015<\/p>\n<p style=\"text-align: justify\">&#8211;\u00a0Saloustros, G, Magoutis, K. &#8220;Rethinking HBase: Design and Implementation of an Elastic KeyValue<br \/>\nStore over LogStructured\u00a0Local Volumes&#8221;.\u00a014th International Symposium on Parallel and Distributed Computing, 2015.<\/p>\n<p style=\"text-align: justify\">&#8211; Shan Jiang, Jianxin Liao, Jun Gong, Jingyu Wang, Tonghong Li. \u201cCompetitive equilibrium and stable coalition in overlay environments\u201d, LCN 2015: 365-372. <a title=\"Competitive Equilibrium  and Stable Coalition in Overlay Environments\" href=\"http:\/\/lsd.ls.fi.upm.es\/lsd\/publications\/lcn2015.pdf\" target=\"_blank\">PDF<\/a><\/p>\n<p style=\"text-align: justify\">&#8211; Rohit Dhamane,\u00a0Marta Pati\u00f1o Martinez,\u00a0Valerio Vianello and\u00a0Ricardo Jim\u00e9nez Peris: &#8220;Performance Evaluation of Database Replication Systems&#8221;. 18th International Database Engineering Applications Symposium (IDEAS), Porto (Portugal), July 7-9 2014. <a href=\"http:\/\/lsd.ls.fi.upm.es\/lsd\/publications\/IDEAS%202014_Performance_Evaluation_of_Database_Replication_Systems_FinalVersion.pdf\">PDF<\/a><\/p>\n<p style=\"text-align: justify\">&#8211; Jian Tang, Mikel Larrea, Sergio Ar\u00e9valo, and Ernesto Jim\u00e9nez. &#8220;Brief Announcement: Fault-tolerant Broadcast in Anonymous Distributed Systems with Fair Lossy Communication Channels&#8221;, in Proceedings of the 2015 ACM Symposium on Principles of Distributed Computing, (PODC 2015), Donostia-San Sebasti\u00e1n (Spain), July 21-23, 2015. <a href=\"http:\/\/lsd.ls.fi.upm.es\/lsd\/publications\/Brief%20Announcement%20Fault-tolerant%20Broadcast%20in.pdf\">PDF<\/a><\/p>\n<p style=\"text-align: justify\">&#8211; Christian Fern\u00e1ndez-Campusano, Roberto Corti\u00f1as, Mikel Larrea, Jian Tang. &#8220;Designing and Evaluating Fault-tolerant Leader Election Algorithms&#8221;, in Proceedings of the 23rd Euromicro International Conference on Parallel, Distributed and Network-based Processing (PDP 2015), Turku (Finland), March 4-6, 2015. <a href=\"http:\/\/lsd.ls.fi.upm.es\/lsd\/publications\/PDP2015_Designing%20and%20Evaluating%20Fault-tolerant%20Leader%20Election%20Algorithms.pdf\">PDF<\/a><\/p>\n<p style=\"text-align: justify\">&#8211; Jian Tang, Mikel Larrea, Sergio Ar\u00e9valo, and Ernesto Jim\u00e9nez. &#8220;Implementing Uniform Reliable Broadcast in Anonymous Distributed Systems with Fair Lossy Channels&#8221;, in Proceedings of the 17th Workshop on Advances in Parallel and Distributed Computational Models, (APDCM 2015), pp. 500-508, Hyderabad (India), May 25, 2015. <a href=\"http:\/\/lsd.ls.fi.upm.es\/lsd\/Members\/admin\/Implementing%20Uniform%20Reliable%20Broadcast.pdf\">PDF<\/a><\/p>\n<p style=\"text-align: justify\">&#8211; Jian Tang, Mikel Larrea, Sergio Ar\u00e9valo, Ernesto Jim\u00e9nez. &#8220;Reliable Broadcast in Anonymous Distributed Systems with Fair Lossy Channels&#8221;. The 21st IEEE Pacific Rim International Symposium on Dependable Computing (PRDC 2015), Zhangjiajie (China), Nov 18-20, 2015. <a class=\"internal-link\" href=\"http:\/\/lsd.ls.fi.upm.es\/lsd\/publications\/reliable-broadcast-in-anonymous-distributed-systems-with-fair-lossy-channels\">PDF<\/a><\/p>\n<p style=\"text-align: justify\">&#8211; Jian Tang, Mikel Larrea, Sergio Ar\u00e9valo, and Ernesto Jim\u00e9nez. &#8220;Implementing Reliable Broadcast in Anonymous Distributed Systems with Fair Lossy Channels&#8221;, in Proceedings of the 23rd Euromicro International Conference on Parallel, Distributed and Network-based Processing (PDP 2015), Turku (Finland), March 4-6, 2015. <a href=\"http:\/\/lsd.ls.fi.upm.es\/lsd\/publications\/PDP2015_Implementing%20Reliable%20Broadcast%20in%20Anonymous%20Distributed%20Systems%20with%20Fair%20Lossy.pdf\">PDF<\/a><\/p>\n<p style=\"text-align: justify\">&#8211;\u00a0Ricardo Jim\u00e9nezPeris,\u00a0Valerio Vianello y Marta Pati\u00f1oMart\u00ednez. &#8220;PaaSCEP:\u00a0A Query Language for Complex Event Processing and Databases&#8221;.\u00a0Workshop DataDiversityConvergence en CLOSER 2016.<\/p>\n<p style=\"text-align: justify\">&#8211;\u00a0Rui C. Gon\u00e7alves, Jos\u00e9 Pereira y Ricardo Jim\u00e9nez Peris. &#8220;Design of an RDMA Communication Middleware for Asynchronous Shuffling in Analytical Processing&#8221;.\u00a0Workshop DataDiversityConvergence en CLOSER 2016.<\/p>\n<p style=\"text-align: justify\">&#8211;\u00a0Boyan Kolev, Carlyna Bondiombouy, Oleksandra Levchenko, Patrick Valduriez, Ricardo Jim\u00e9nez Peris, Raquel Pau, Jos\u00e9 Pereira. &#8220;Design and Implementation of the CloudMdsQL Multistore System&#8221;.\u00a0Workshop DataDiversityConvergence en CLOSER 2016.<\/p>\n<p style=\"text-align: justify\">&#8211;\u00a0Marta Pati\u00f1oMart\u00ednez,\u00a0Diego Burgos Sancho,\u00a0Ricardo Jim\u00e9nezPeris,\u00a0Iv\u00e1n Brondino, Valerio Vianello, Rohit Damane. &#8220;Snapshot Isolation for Neo4j&#8221;.\u00a019th International Conference on Extending Database Technology (EDBT2016),\u00a0Bordeaux (France),\u00a0March 15-18,2016.\u00a0<a href=\"http:\/\/lsd1.ls.fi.upm.es\/cloud4bigdata\/wp-content\/uploads\/sites\/4\/2015\/02\/P03.pdf\">PDF<\/a><\/p>\n<p style=\"text-align: justify\">&#8211;\u00a0Evgenia Christoforou, Antonio Fern\u00e1ndez Anta, Agustin Santos. &#8220;A Mechanism for Fair Distribution of Resources with Application to Sponsored Search&#8221;.\u00a0The 10th Conference on Web and Internet Economics (WINE) 2014.\u00a0Beijing (China).\u00a0<a href=\"http:\/\/lsd1.ls.fi.upm.es\/cloud4bigdata\/wp-content\/uploads\/sites\/4\/2015\/02\/P04.pdf\">PDF<\/a><\/p>\n<p style=\"text-align: justify\">&#8211; Luis Felipe Nu\u00f1ez Chiroque. &#8220;New Methods for Ranking Influence in Social Networks&#8221;. The 5th PhD School on Traffic Monitoring and Analysis (TMA) 2015, Barcelona (Spain) &amp; The 7th Annual IMDEA Networks Workshop: Big Data and Cloud Computing 2015, Legan\u00e9s (Sapin). <a href=\"http:\/\/lsd1.ls.fi.upm.es\/cloud4bigdata\/wp-content\/uploads\/sites\/4\/2015\/02\/P10-y-P11.pdf\">PDF<\/a><\/p>\n<p style=\"text-align: justify\">&#8211; Fern\u00e1ndez Anta, Antonio and Georgiou, Chryssis and Kowalski, Dariusz R. and Zavou, Elli. &#8220;Competitive Analysis of Task Scheduling Algorithms on a Fault-Prone Machine and the Impact of Resource Augmentation&#8221;. Workshop on Adaptive Resource Management and Scheduling for Cloud Computing (ARMSCC@PODC 2015). Donostia San Sebasti\u00e1n (Spain). <a href=\"http:\/\/lsd1.ls.fi.upm.es\/cloud4bigdata\/wp-content\/uploads\/sites\/4\/2015\/02\/OC07.pdf\">PDF<\/a><\/p>\n<p style=\"text-align: justify\">&#8211;\u00a0Luis L\u00f3pez. &#8220;NUBOMEDIA: the cloud infrastructure for WebRTC and IMS multimeia realtime\u00a0communications&#8221;.\u00a0FUSECO Forum&#8217;14<\/p>\n<p style=\"text-align: justify\">&#8211;\u00a0Luis L\u00f3pez. &#8220;Creating rich WebRTC applications with Kurento&#8221;.\u00a0FOSDEM 2016.<\/p>\n<p style=\"text-align: justify\">&#8211;\u00a0Evgenia Christoforou, Antonio Fern\u00e1ndez Anta, Agustin Santos. &#8220;A Mechanism for Fair Distribution of Resources with Application to Sponsored Search&#8221;.\u00a0XXIII Jornadas de Concurrencia y Sistemas Distribuidos, 2015. M\u00e1laga, Espa\u00f1a.<\/p>\n<ul style=\"text-align: justify\">\n<li>\n<h4 style=\"padding-top: 15px\"><span style=\"color: #55b0cb\">Publicaciones en abierto<br \/>\n<\/span><\/h4>\n<\/li>\n<\/ul>\n<p style=\"text-align: justify\">&#8211; Evgenia Christoforou, Antonio Fern\u00e1ndez Anta, Agust\u00edn Santos. &#8220;A Mechanism for Fair Distribution of Resources with Application to Sponsored Search&#8221;. http:\/\/arxiv.org\/abs\/1502.03337<\/p>\n<p style=\"text-align: justify\">&#8211; Nicolas Nicolaou, Antonio Fern\u00e1ndez Anta, Chryssis Georgiou. &#8220;CoVer-ability:\u00a0Consistent Versioning for Concurrent Objects&#8221;. http:\/\/arxiv.org\/abs\/1601.07352<\/p>\n<p style=\"text-align: justify\">&#8211; Lin Wang, Antonio Fern\u00e1ndez Anta, Fa Zhang, Jie Wu, Zhiyong Liu. &#8220;Multi-resource Energy-efficient Routing in Cloud Data Centers with Networks-as-a-Service&#8221;. http:\/\/arxiv.org\/abs\/1501.05086<\/p>\n<p style=\"text-align: justify\">&#8211; Antonio Fern\u00e1ndez Anta, Chryssis Georgiou, Miguel A. Mosteiro, Daniel Pareja. &#8220;Multi-round Master-Worker Computing: a Repeated Game Approach&#8221;. http:\/\/arxiv.org\/abs\/1508.05769<\/p>\n<p style=\"text-align: justify\">&#8211; V\u00edctor L\u00f3pez Mill\u00e1n, Vicent Cholvi, Antonio Fern\u00e1ndez Anta, Luis L\u00f3pez. &#8220;Resource location based on precomputed partial random walks in dynamic networks&#8221;. http:\/\/arxiv.org\/abs\/1507.08476<\/p>\n<p style=\"text-align: justify\">&#8211; Nicolas C. Nicolaou, Antonio Fern\u00e1ndez Anta, Chryssis Georgiou. &#8220;Traceable Objects: Consistent Versioning for Concurrent Objects&#8221;. http:\/\/arxiv.org\/abs\/1601.07352<\/p>\n<p style=\"text-align: justify\">&#8211; Evgenia Christoforou, Antonio Fern\u00e1ndez Anta, Chryssis Georgiou, Miguel A. Mosteiro. &#8220;Internet Computing: Using Reputation to Select Workers from a Pool&#8221;. http:\/\/arxiv.org\/abs\/1603.04394<\/p>\n<p style=\"text-align: justify\">&#8211; Elli Zavou, Antonio Fern\u00e1ndez Anta. &#8220;Online Distributed Scheduling on a Faultprone\u00a0Parallel System&#8221;.\u00a0http:\/\/arxiv.org\/abs\/1603.05939<\/p>\n","protected":false},"excerpt":{"rendered":"<p>Tesis Doctorales: &#8211; PhD Thesis defense: Structural Issues and Energy Efficiency in Data Centers. Author: Jordi Arjona Aroca, PhD Student, IMDEA Networks Institute. PhD Thesis Advisors: Prof. Dr. Antonio Fern\u00e1ndez Anta, IMDEA Networks Institute. Date: 13\/02\/2015 &#8211;\u00a0PhD Thesis defense: Economics of Internet Interdomain Interconnections. Author: Ignacio Castro. PhD Thesis Advisors: Prof. Dr. Sergey Gorinsky, IMDEA [&hellip;]<\/p>\n","protected":false},"author":47,"featured_media":0,"parent":0,"menu_order":0,"comment_status":"open","ping_status":"open","template":"","meta":{"footnotes":""},"class_list":["post-22","page","type-page","status-publish","hentry"],"_links":{"self":[{"href":"https:\/\/lsd1.ls.fi.upm.es\/cloud4bigdata\/wp-json\/wp\/v2\/pages\/22","targetHints":{"allow":["GET"]}}],"collection":[{"href":"https:\/\/lsd1.ls.fi.upm.es\/cloud4bigdata\/wp-json\/wp\/v2\/pages"}],"about":[{"href":"https:\/\/lsd1.ls.fi.upm.es\/cloud4bigdata\/wp-json\/wp\/v2\/types\/page"}],"author":[{"embeddable":true,"href":"https:\/\/lsd1.ls.fi.upm.es\/cloud4bigdata\/wp-json\/wp\/v2\/users\/47"}],"replies":[{"embeddable":true,"href":"https:\/\/lsd1.ls.fi.upm.es\/cloud4bigdata\/wp-json\/wp\/v2\/comments?post=22"}],"version-history":[{"count":71,"href":"https:\/\/lsd1.ls.fi.upm.es\/cloud4bigdata\/wp-json\/wp\/v2\/pages\/22\/revisions"}],"predecessor-version":[{"id":367,"href":"https:\/\/lsd1.ls.fi.upm.es\/cloud4bigdata\/wp-json\/wp\/v2\/pages\/22\/revisions\/367"}],"wp:attachment":[{"href":"https:\/\/lsd1.ls.fi.upm.es\/cloud4bigdata\/wp-json\/wp\/v2\/media?parent=22"}],"curies":[{"name":"wp","href":"https:\/\/api.w.org\/{rel}","templated":true}]}}