{"id":28,"date":"2013-12-18T21:03:10","date_gmt":"2013-12-18T21:03:10","guid":{"rendered":"http:\/\/tsagari.com\/CoherentPaas\/?page_id=28"},"modified":"2016-02-29T09:48:03","modified_gmt":"2016-02-29T09:48:03","slug":"researchers","status":"publish","type":"page","link":"https:\/\/lsd1.ls.fi.upm.es\/leanbigdata\/researchers\/","title":{"rendered":"Researchers"},"content":{"rendered":"<p>Publications:<\/p>\n<ul>\n<li>\u201cCumuloNimbo: A Cloud Scalable Multi-tier SQL Database, Ricardo Jimenez-Peris, Marta Pati\u00f1o-Martinez, Bettina Kemme, Ivan Brondino, Jos\u00e9 Pereira, Ricardo Vila\u00e7a, Francisco Cruz, Rui Oliveira y Yousuf Ahmad\u201d on Bulletin of the Technical Committee on Data Engineering (TCDE). Vol. 38 (1). Pag 73 (2015), IEEE Computer Society, in March 2015<\/li>\n<\/ul>\n","protected":false},"excerpt":{"rendered":"<p>Publications: \u201cCumuloNimbo: A Cloud Scalable Multi-tier SQL Database, Ricardo Jimenez-Peris, Marta Pati\u00f1o-Martinez, Bettina Kemme, Ivan Brondino, Jos\u00e9 Pereira, Ricardo Vila\u00e7a, Francisco Cruz, Rui Oliveira y Yousuf Ahmad\u201d on Bulletin of the Technical Committee on Data Engineering (TCDE). Vol. 38 (1). Pag 73 (2015), IEEE Computer Society, in March 2015<\/p>\n","protected":false},"author":1,"featured_media":0,"parent":0,"menu_order":0,"comment_status":"open","ping_status":"open","template":"","meta":{"footnotes":""},"class_list":["post-28","page","type-page","status-publish","hentry"],"_links":{"self":[{"href":"https:\/\/lsd1.ls.fi.upm.es\/leanbigdata\/wp-json\/wp\/v2\/pages\/28","targetHints":{"allow":["GET"]}}],"collection":[{"href":"https:\/\/lsd1.ls.fi.upm.es\/leanbigdata\/wp-json\/wp\/v2\/pages"}],"about":[{"href":"https:\/\/lsd1.ls.fi.upm.es\/leanbigdata\/wp-json\/wp\/v2\/types\/page"}],"author":[{"embeddable":true,"href":"https:\/\/lsd1.ls.fi.upm.es\/leanbigdata\/wp-json\/wp\/v2\/users\/1"}],"replies":[{"embeddable":true,"href":"https:\/\/lsd1.ls.fi.upm.es\/leanbigdata\/wp-json\/wp\/v2\/comments?post=28"}],"version-history":[{"count":4,"href":"https:\/\/lsd1.ls.fi.upm.es\/leanbigdata\/wp-json\/wp\/v2\/pages\/28\/revisions"}],"predecessor-version":[{"id":1007,"href":"https:\/\/lsd1.ls.fi.upm.es\/leanbigdata\/wp-json\/wp\/v2\/pages\/28\/revisions\/1007"}],"wp:attachment":[{"href":"https:\/\/lsd1.ls.fi.upm.es\/leanbigdata\/wp-json\/wp\/v2\/media?parent=28"}],"curies":[{"name":"wp","href":"https:\/\/api.w.org\/{rel}","templated":true}]}}