{"id":602,"date":"2014-03-04T14:42:28","date_gmt":"2014-03-04T14:42:28","guid":{"rendered":"http:\/\/leanbigdata.eu\/?page_id=602"},"modified":"2017-02-16T17:37:48","modified_gmt":"2017-02-16T17:37:48","slug":"publications","status":"publish","type":"page","link":"https:\/\/lsd1.ls.fi.upm.es\/leanbigdata\/researchers\/publications\/","title":{"rendered":"Publications"},"content":{"rendered":"<p><strong>Journal Articles, Conference and Workshop Papers:<\/strong><\/p>\n<ul>\n<li><a href=\"http:\/\/lsd.ls.fi.upm.es\/polyglot2016\">Big Data Open Source Systems Workshop \u00a0(BOSS\u00b416) in VLDB 2016. Polyglot Data Management Session. Chairs: Patrick Valduriez (INRIA), Marta Pati\u00f1o (UPM)<\/a><\/li>\n<li>&#8220;Transaction Management Across Data Stores&#8221;. Ricardo Jim\u00e9nez-Peris, Marta Pati\u00f1oMartinez, Iv\u00e1n Brondino, Valerio Vianello. International Journal of High Performance Computing and Networking. (submitted)<\/li>\n<li><a href=\"http:\/\/ieeexplore.ieee.org\/document\/7474354\/\">&#8220;Using N-Gram Graphs for Sentiment Analysis: An Extended Study on Twitter&#8221; F. Aisopos, D. Tzannetos, J. Violos and T. Varvarigou. In IEEE Second International Conference on Big Data Computing Service and Applications. Mar 29 &#8211; Apr 1, 2016<\/a><\/li>\n<li>&#8220;A Real Time Sentiment Analysis Algorithm using Streaming Data from Twitter&#8221; V. Moulos, F. Aisopos, P. Kranas, S. Stamokostas, A. Evangelinou, M. Kardara, J. Violos, T. Varvarigou and A. Psychas. Abstractions and Use Cases of converged Big Data, Telecom and IoT technologies Workshop, EuCNC 2016 June 27-30, 2016<\/li>\n<li>&#8220;A Multi-sensor Data Fusion Approach for Detecting Direct Debit Frauds&#8221; Campanile, G. Cerullo, S. DAntonio, G. Mazzeo, G. Papale and L. Sgaglione. 2016 International Conference on Intelligent Networking and Collaborative Systems (INCoS), Ostrawva, Czech Republic. September 7 &#8211; 9, 2016<\/li>\n<li>&#8220;Anomaly Detection Guidelines for Data Streams in Big Data&#8221; Annie Ibrahim Rana, Giovani Estrada, Marc Sol\u00e9 Sim\u00f3 and Victor Munt\u00e9s. 3rd Intl. Conference on Soft Computing &amp; Machine Intelligence. ISCMI 2016. November 23-25, 2016<\/li>\n<li><a href=\"https:\/\/arxiv.org\/pdf\/1701.08546\">&#8220;Survey on Models and Techniques for Root-Cause Analysis&#8221; Marc Sol\u00e9, Victor Munt\u00e9s, Annie Ibrahim Rana, and Giovani Estrada, Open Access arXiv at Cornell University Library. January 26th, 2017<\/a><\/li>\n<li><a href=\"http:\/\/ieeexplore.ieee.org\/stamp\/stamp.jsp?arnumber=7840899\">&#8220;Benchmarking Polystores: the CloudMdsQL Experience&#8221; B. Kolev, P. Valduriez, Bondiombouy, R. Jim\u00e9nez-Peris, Pau, J. Pereira. IEEE Big Data \u2013 Methods to Manage Heterogeneous Big Data and Polystore Databases workshop. December 5-8, 2016<\/a><\/li>\n<li>&#8220;Load balancing for Key Value Data Stores.&#8221; Ainhoa Azqueta Alz\u00faaz, Ivan Brondino, Marta Pati\u00f1o Martinez, Ricardo Jimenez Peris. The 20th International Conference on Ex- tending Database Technology (EDBT 2017). March 21 &#8211; 24, 2017<\/li>\n<li>&#8220;Massive Data Load on Distributed Database Systems over HBase&#8221;. Ainhoa Azqueta Alz\u00faaz, Marta Pati\u00f1o Martinez, Ivan Brondino, Ricardo Jimenez Peris. The 17th IEEE\/ACM International Symposium on Cluster, Cloud and Grid Computing (CCGRID 2017) May 14 &#8211; 17, 2017<\/li>\n<li>&#8220;Visualization System for Monitoring Data Management Systems&#8221; Emanuel Pinho, Alexandre Carvalho. Journal of Information Systems Engineering &amp; Management, 1:4 (2016), 48 ISSN: 2468-4376<\/li>\n<li>&#8220;The LeanBigData Data Collection Framework An innovate and adaptable framework for collection and normalization of structured data&#8221;. Luigi Coppolino, Luigi Sgaglione, Gaetano Papale, and Ferdinando Campanile. RTPBD 2016: Final Public Workshop from LeanBigData and CoherentPaaS (DISCOTEC 2016). Jun\u2019 2016.<\/li>\n<li>&#8220;Detecting Performance Degradation with System Level Metrics&#8221;. Dimitris Ganosis, Yannis Sfakianakis, Manolis Marazakis, and Angelos Bilas. RTPBD 2016: Final Public Workshop from LeanBigData and CoherentPaaS (DISCOTEC 2016). Jun\u2019 2016.<\/li>\n<li>&#8220;Big Data Stream Clustering Algorithms Empirical Evaluation&#8221;. Annie Ibrahim Rana, Giovani Estrada, and Marc Sol\u00e9. RTPBD 2016: Final Public Workshop from LeanBigData and CoherentPaaS (DISCOTEC 2016). Jun\u2019 2016.<\/li>\n<li>&#8220;Sentiment Analysis over politics-related big Twitter datasets&#8221;. Fotis Aisopos, Vrettos Moulos, John Violos, Theodora Varvarigou, Pavlos Kranas, Sotiris Stamokostas, Dimos Kyriazis, Adreas Menychtas, Kleopatra Konstanteli, George Vaadis, Athanasia Evangelinou, Christina Santzaridou, Vasileios Anagnostopoulos, and Anna Gatzioura Nikiforos Makrinakis. RTPBD 2016: Final Public Workshop from LeanBigData and CoherentPaaS (DISCOTEC 2016). Jun\u2019 2016.<\/li>\n<li>&#8220;Targeted Advertisement case-study: a LeanBigData benchmark&#8221;. Jorge Teixeira, Miguel Biscaia, Ivan Brondino, Mario Moreira. RTPBD 2016: Final Public Workshop from LeanBigData and CoherentPaaS (DISCOTEC 2016). Jun\u2019 2016.<\/li>\n<li>&#8220;CoherentPaaS : Providing transactional support for cloud data stores&#8221;. Ricardo Jim\u00e9nez Peris, Marta Pati\u00f1o Mart\u00ednez, Ivan Brondino. RTPBD 2016: Final Public Workshop from LeanBigData and CoherentPaaS (DISCOTEC 2016). Jun\u2019 2016.<\/li>\n<li>&#8220;STREAM-OPS: a Streaming Operator Library&#8221;. Ricardo Jim\u00e9nez Peris, Valerio Vianello, Marta Pati\u00f1o Mart\u00ednez. RTPBD 2016: Final Public Workshop from LeanBigData and CoherentPaaS (DISCOTEC 2016). Jun\u2019 2016.<\/li>\n<li><a href=\"http:\/\/lsd.ls.fi.upm.es\/lsd\/publications\/an-rdma-middleware-for-asynchronous-multi-stage-shuffling-in-analytical-processing\/at_download\/file\">&#8220;An RDMA Middleware for Asynchronous Multi-Stage Shuffling in Analytical Processing&#8221;. Rui C. Gon\u00e7alves, Jos\u00e9 Pereira and Ricardo Jim\u00e9nez-Peris. The 16th IFIP International Conference on Distributed Applications and Interoperable Systems (DAIS 2016), Heraklion (Grecia), Jun. 6-9, 2016.<\/a><\/li>\n<li><a href=\"http:\/\/lsd.ls.fi.upm.es\/lsd\/publications\/the-cloudmdsql-multistore-system\/at_download\/file\">&#8220;The CloudMdsQL Multistore System&#8221;. B. Kolev, C. Bondiombouy, P. Valduriez, R. Jimenez-Peris, R. Pau, J. Pereira. The 2016 ACM SIGMOD\/PODS Conference, San Francisco (USA), Jun 26-Jul 1, 2016.<\/a><\/li>\n<li>&#8220;Reducing Data Transfer in Parallel Processing of SQLWindow Functions&#8221;. F\u00e1bio Coelho, Jos\u00e9 Pereira, Ricardo Vila\u00e7a and Rui Oliveira. Workshop DataDiversityConvergence in The 6th International Conference on Cloud Computing and Services Science (CLOSER 2016), Roma (Italia), Apr.23-25, 2016.<\/li>\n<li>&#8220;Data Collection Framework&#8221;. A Flexible and Efficient Tool for Heterogeneous Data Acquisition. Luigi Sgaglione, Gaetano Papale, Giovanni Mazzeo, Gianfranco Cerullo, Pasquale Starace, and Ferninando Campanile. Workshop DataDiversityConvergence in The 6th International Conference on Cloud Computing and Services Science (CLOSER 2016), Roma (Italia), Apr.23-25, 2016.<\/li>\n<li>&#8220;Direct Debit Frauds: A Novel Detection Approach&#8221;. Gaetano Papale, Luigi Sgaglione , Gianfranco Cerullo, Giovanni Mazzeo,\u00a0Pasquale Starace and Ferdinando Campanile. Workshop DataDiversityConvergence in The 6th International Conference on Cloud Computing and Services Science (CLOSER 2016), Roma (Italia), Apr.23-25, 2016.<\/li>\n<li>&#8220;3D Vizualization of Large Scale Data Centres&#8221;. Giannis Drossis, Chryssi Birliraki, Nikolaos Patsiouras, George Margetis\u00a0and Constantine Stephanidis. Workshop DataDiversityConvergence in The 6th International Conference on Cloud Computing and Services Science (CLOSER 2016), Roma (Italia), Apr.23-25, 2016.<\/li>\n<li>&#8220;PaaS-CEP: A Query Language for Complex Event Processing and Databases&#8221;. Ricardo Jim\u00e9nez-Peris, Valerio Vianello y Marta Pati\u00f1oMart\u00ednez. Workshop DataDiversityConvergence in The 6th International Conference on Cloud Computing and Services Science (CLOSER 2016), Roma (Italia), Apr.23-25, 2016.<\/li>\n<li>&#8220;Design of an RDMA Communication Middleware for Asynchronous Shuffling in Analytical Processing&#8221;. Rui C. Gon\u00e7alves, Jos\u00e9 Pereira y Ricardo Jim\u00e9nez-Peris. Workshop DataDiversityConvergence in The 6th International Conference on Cloud Computing and Services Science (CLOSER 2016), Roma (Italia), Apr.23-25, 2016.<\/li>\n<li><a href=\"http:\/\/openproceedings.org\/2016\/conf\/edbt\/paper-333.pdf\">&#8220;Snapshot Isolation for Neo4j&#8221;. Marta Pati\u00f1o-Mart\u00ednez, Diego Burgos-Sancho, Ricardo Jim\u00e9nez-Peris, Iv\u00e1n Brondino, Valerio Vianello, Rohit Dhamane. 19th International Conference on Extending Database Technology (EDBT 2016), Bordeaux (France), March 15-18, 2016.<\/a><\/li>\n<li><a href=\"http:\/\/lsd1.ls.fi.upm.es\/leanbigdata\/wp-content\/uploads\/sites\/3\/2014\/03\/INTEL_Self-Learning-Cloud-Controllers-Fuzzy-Q-Learning-for-Knowledge-Evolution.pdf\">&#8220;Self-Learning Cloud Controllers: Fuzzy Q-Learning for Knowledge Evolution&#8221;. P Jamshidi, AM Sharifloo, C Pahl, A Metzger, G Estrada (INTEL). IEEE International Conference on Cloud and Autonomic Computing, in Sep 2015. Pag 208 &#8211; 211. DOI: 10.1109\/ICCAC.2015.35<\/a><\/li>\n<li><a href=\"http:\/\/lsd1.ls.fi.upm.es\/leanbigdata\/wp-content\/uploads\/sites\/3\/2014\/03\/SyncLab_Direct-Debit-Transactions-a-comprehensive-analysis-of-emerging-attack-patterns.pdf\">&#8220;Direct Debit Transactions: a comprehensive analysis of emerging attack patterns&#8221;. Luigi Romano, Luigi Coppolino, Salvatore D&#8217;Antonio, Gaetano Papale, Luigi Sgaglione e Ferdinando Campanile (SyncLab). SecureSysComm 2015: Workshop on Security and Privacy in Systems and Communication Networks. 2015<\/a><\/li>\n<li><a href=\"http:\/\/lsd1.ls.fi.upm.es\/leanbigdata\/wp-content\/uploads\/sites\/3\/2014\/03\/CumuloNimbo-A-Cloud-Scalable-Multi-tier-SQL-Database_art-solo.pdf\">\u201cCumuloNimbo: A Cloud Scalable Multi-tier SQL Database&#8221;, Ricardo Jimenez-Peris, Marta Pati\u00f1o-Martinez, Bettina Kemme, Ivan Brondino, Jos\u00e9 Pereira, Ricardo Vila\u00e7a, Francisco Cruz, Rui Oliveira y Yousuf Ahmad\u201d (INESC and UPM) on Bulletin of the Technical Committee on Data Engineering (TCDE). Vol. 38 (1). Pag 73 (2015), IEEE Computer Society, in March 2015<\/a><\/li>\n<\/ul>\n<p><strong>Book Chapters<\/strong><\/p>\n<ul>\n<li>\u201cScalable and Efficient Big Data Analytics: The LeanBigData Approach\u201d.\u00a0Ricardo Jimenez, Marta Patino, Valerio Vianello, Ivan Brondino, Ricardo Vilaca, Jorge Teixeira, Miguel Biscaia, Giannis Drossis, Damien Michel, Chryssi Birliraki, George Margetis, Antonis Argyros, Constantine Stephanidis, Luigi Sgaglione, Gaetano Papale, Giavanni Mazzeo, Ferdinando Campanile, Marc Sole, Victor Muntes-Mulero, David Solans, Alberto Huelamo, Pavlos Kranas, Dora Varvarigou, Vrettos Moulos, and Fotis Aisopos.\u00a0Publisher: SCITEPRESS<\/li>\n<\/ul>\n<p><strong>Patents<\/strong><\/p>\n<ul>\n<li>&#8220;Tiered Heterogeneous Fast Layer Shared Storage Substrate Apparatuses, Methods, And Systems&#8221;. Angelos Bilas, Markos Fountoulakis, Spyros Papageorgiou, and\u00a0 Tryfon FarrmakakiS (Forth). US Patent Application. Submitted in Nov 2015.<\/li>\n<li>\u201cGraph-enhanced Alerting System\u201d Serge Mankovski, Marc Sol\u00e9 Sim\u00f3, Victor Munt\u00e9s (CA Technologies). Submitted to USPTO: 15\/1867010. Filed on 30th March 2016, not public yet.<\/li>\n<li>\u201cMethod to enrich a domain knowledge-based graph describing a complex system by infering new edges based on big data analytics to perform root cause analysis\u201d Victor Munt\u00e9s, Marc Sol\u00e9 Sim\u00f3, Serge Mankovski (CA Technologies). Submitted to USPTO: 15\/082,982. Filed on 28th March 2016, not public yet.<\/li>\n<li>\u201cAssisted Creation of Context Graphs\u201d Marc Sol\u00e9 Sim\u00f3, Victor Munt\u00e9s, Serge Mankovski (CA Technologies). Submitted to USPTO: 15\/083,046. Filed on 28th March 2016, not public yet.<\/li>\n<li>\u201cRoot Cause Analysis for sequences of datacenter states\u201d Marc Sol\u00e9 Sim\u00f3, David Solans, Alberto Hu\u00e9lamo, David S\u00e1nchez, Jaume Ferrarons, Victor Munt\u00e9s (CA Technologies). Submitted to Spanish Patent Office (not available yet). Filed on 21st December 2016, not public yet.<\/li>\n<li>\u201cMethod and system for predicting future states of a Data Center\u201d Marc Sol\u00e9 Sim\u00f3, David Solans, Alberto Hu\u00e9lamo, David S\u00e1nchez, Jaume Ferrarons, Victor Munt\u00e9s (CA Technologies). Submitted to Spanish Patent Office (not available yet) Filed on 21st December 2016, not public yet.<\/li>\n<li>\u201cAutomatic data center state summarization in comprehensive way\u201d Marc Sol\u00e9 Sim\u00f3, David Solans, Alberto Hu\u00e9lamo, David S\u00e1nchez, Jaume Ferrarons, Victor Munt\u00e9s (CA Technologies). Submitted to Spanish Patent Office (not available yet) Filed on 21st December 2016, not public yet.<\/li>\n<li>\u201cDescriptive Data Center State Comparison\u201d Marc Sol\u00e9 Sim\u00f3, David Solans, Alberto Hu\u00e9lamo, David S\u00e1nchez, Jaume Ferrarons, Victor Munt\u00e9s (CA Technologies). Submitted to Spanish Patent Office (not available yet) Filed on 21st December 2016, not public yet.<\/li>\n<li>\u201cState information completion using graph embeddings\u201d Marc Sol\u00e9 Sim\u00f3, David Solans, Alberto Hu\u00e9lamo, David S\u00e1nchez, Jaume Ferrarons, Victor Munt\u00e9s (CA Technologies). Submitted to Spanish Patent Office (not available yet) Filed on 21st December 2016, not public yet.<\/li>\n<\/ul>\n","protected":false},"excerpt":{"rendered":"<p>Journal Articles, Conference and Workshop Papers: Big Data Open Source Systems Workshop \u00a0(BOSS\u00b416) in VLDB 2016. Polyglot Data Management Session. Chairs: Patrick Valduriez (INRIA), Marta Pati\u00f1o (UPM) &#8220;Transaction Management Across Data Stores&#8221;. Ricardo Jim\u00e9nez-Peris, Marta Pati\u00f1oMartinez, Iv\u00e1n Brondino, Valerio Vianello. International Journal of High Performance Computing and Networking. (submitted) &#8220;Using N-Gram Graphs for Sentiment Analysis: [&hellip;]<\/p>\n","protected":false},"author":4,"featured_media":0,"parent":28,"menu_order":0,"comment_status":"closed","ping_status":"open","template":"page-full.php","meta":{"footnotes":""},"class_list":["post-602","page","type-page","status-publish","hentry"],"_links":{"self":[{"href":"https:\/\/lsd1.ls.fi.upm.es\/leanbigdata\/wp-json\/wp\/v2\/pages\/602","targetHints":{"allow":["GET"]}}],"collection":[{"href":"https:\/\/lsd1.ls.fi.upm.es\/leanbigdata\/wp-json\/wp\/v2\/pages"}],"about":[{"href":"https:\/\/lsd1.ls.fi.upm.es\/leanbigdata\/wp-json\/wp\/v2\/types\/page"}],"author":[{"embeddable":true,"href":"https:\/\/lsd1.ls.fi.upm.es\/leanbigdata\/wp-json\/wp\/v2\/users\/4"}],"replies":[{"embeddable":true,"href":"https:\/\/lsd1.ls.fi.upm.es\/leanbigdata\/wp-json\/wp\/v2\/comments?post=602"}],"version-history":[{"count":27,"href":"https:\/\/lsd1.ls.fi.upm.es\/leanbigdata\/wp-json\/wp\/v2\/pages\/602\/revisions"}],"predecessor-version":[{"id":1221,"href":"https:\/\/lsd1.ls.fi.upm.es\/leanbigdata\/wp-json\/wp\/v2\/pages\/602\/revisions\/1221"}],"up":[{"embeddable":true,"href":"https:\/\/lsd1.ls.fi.upm.es\/leanbigdata\/wp-json\/wp\/v2\/pages\/28"}],"wp:attachment":[{"href":"https:\/\/lsd1.ls.fi.upm.es\/leanbigdata\/wp-json\/wp\/v2\/media?parent=602"}],"curies":[{"name":"wp","href":"https:\/\/api.w.org\/{rel}","templated":true}]}}